{"id":25,"date":"2015-12-10T15:01:24","date_gmt":"2015-12-10T15:01:24","guid":{"rendered":"https:\/\/gaviaspreview.com\/wp\/winnex\/?page_id=25"},"modified":"2023-01-12T14:56:21","modified_gmt":"2023-01-12T14:56:21","slug":"ana-sayfa","status":"publish","type":"page","link":"https:\/\/www.hkmalidenetim.com\/","title":{"rendered":"Ana Saysa"},"content":{"rendered":"<p>[vc_row fullwidth=&#8221;0&#8243; row_space=&#8221;remove_padding&#8221; isfullwidth=&#8221;0&#8243; css=&#8221;.vc_custom_1673245787238{margin-bottom: -3vh !important;}&#8221;][vc_column]\n\t\t\t<!-- START slider 1 REVOLUTION SLIDER 6.5.31 --><p class=\"rs-p-wp-fix\"><\/p>\n\t\t\t<rs-module-wrap id=\"rev_slider_1_1_wrapper\" data-source=\"gallery\" style=\"visibility:hidden;background:transparent;padding:0;margin:0px auto;margin-top:0;margin-bottom:0;\">\n\t\t\t\t<rs-module id=\"rev_slider_1_1\" style=\"\" data-version=\"6.5.31\">\n\t\t\t\t\t<rs-slides>\n\t\t\t\t\t\t<rs-slide style=\"position: absolute;\" data-key=\"rs-3\" data-title=\"Slide\" data-link=\"http:\/\/www.hkmalidenetim.com\/index.php\/hakkimizda\/\" data-tag=\"l\" data-target=\"_self\" data-seoz=\"front\" data-anim=\"adpr:false;\" data-in=\"o:0;\" data-out=\"a:false;\" http:\/\/www.hkmalidenetim.com\/index.php\/hakkimizda\/>\n\t\t\t\t\t\t\t<img src=\"\/\/www.hkmalidenetim.com\/wp-content\/plugins\/revslider\/public\/assets\/assets\/dummy.png\" alt=\"\" title=\"slider-31.jpg\" width=\"1920\" height=\"700\" class=\"rev-slidebg tp-rs-img rs-lazyload\" data-lazyload=\"\/\/www.hkmalidenetim.com\/wp-content\/uploads\/revslider\/slider-1\/slider-31.jpg\" data-panzoom=\"d:10000;ss:100;se:109;\" data-no-retina>\n<!--\n\t\t\t\t\t\t\t--><rs-layer\n\t\t\t\t\t\t\t\tid=\"slider-1-slide-3-layer-3\" \n\t\t\t\t\t\t\t\tdata-type=\"text\"\n\t\t\t\t\t\t\t\tdata-color=\"#222b2c\"\n\t\t\t\t\t\t\t\tdata-rsp_ch=\"on\"\n\t\t\t\t\t\t\t\tdata-xy=\"xo:10px;yo:202px,202px,137px,137px;\"\n\t\t\t\t\t\t\t\tdata-text=\"s:58,58,38,38;l:64,64,44,44;fw:700;\"\n\t\t\t\t\t\t\t\tdata-frame_0=\"y:50px;\"\n\t\t\t\t\t\t\t\tdata-frame_1=\"e:power2.inOut;st:260;sp:380;sR:260;\"\n\t\t\t\t\t\t\t\tdata-frame_999=\"y:-50px;o:0;e:nothing;st:w;sR:8360;\"\n\t\t\t\t\t\t\t\tstyle=\"z-index:5;font-family:'Montserrat';\"\n\t\t\t\t\t\t\t>Mali M\u00fc\u015favirlik ve<br>\nDenetim Hizmetleri!  \n\t\t\t\t\t\t\t<\/rs-layer><!--\n\n\t\t\t\t\t\t\t--><rs-layer\n\t\t\t\t\t\t\t\tid=\"slider-1-slide-3-layer-4\" \n\t\t\t\t\t\t\t\tdata-type=\"text\"\n\t\t\t\t\t\t\t\tdata-color=\"#777777||#777777||#333333||#333333\"\n\t\t\t\t\t\t\t\tdata-rsp_ch=\"on\"\n\t\t\t\t\t\t\t\tdata-xy=\"xo:13px,13px,10px,10px;yo:344px,344px,238px,238px;\"\n\t\t\t\t\t\t\t\tdata-text=\"s:16;l:28;ls:0px,0px,0,0px;\"\n\t\t\t\t\t\t\t\tdata-frame_0=\"y:50px;\"\n\t\t\t\t\t\t\t\tdata-frame_1=\"e:power2.inOut;st:910;sp:420;sR:910;\"\n\t\t\t\t\t\t\t\tdata-frame_999=\"y:-50px;o:0;e:nothing;st:w;sR:7670;\"\n\t\t\t\t\t\t\t\tstyle=\"z-index:6;font-family:'Heebo';\"\n\t\t\t\t\t\t\t>Tecr\u00fcbeli kadromuzla, Hk M\u00fc\u015favirlik \u00e7at\u0131s\u0131 alt\u0131nda en kaliteli muhasebe ve <br \/> m\u00fc\u015favirlik hizmetini alman\u0131z i\u00e7in \u00e7al\u0131\u015f\u0131yor, firman\u0131za \u00f6zel fikirlerimizle yan\u0131n\u0131zda oluyoruz. \n\t\t\t\t\t\t\t<\/rs-layer><!--\n\n\t\t\t\t\t\t\t--><rs-layer\n\t\t\t\t\t\t\t\tid=\"slider-1-slide-3-layer-6\" \n\t\t\t\t\t\t\t\tclass=\"rev-btn\"\n\t\t\t\t\t\t\t\tdata-type=\"button\"\n\t\t\t\t\t\t\t\tdata-color=\"rgba(255, 255, 255, 1)\"\n\t\t\t\t\t\t\t\tdata-xy=\"xo:10px,10px,9px,9px;yo:433px,433px,315px,315px;\"\n\t\t\t\t\t\t\t\tdata-text=\"s:16,16,14,14;l:14,14,12,12;fw:600,600,500,500;\"\n\t\t\t\t\t\t\t\tdata-rsp_bd=\"off\"\n\t\t\t\t\t\t\t\tdata-padding=\"t:18,18,10,10;r:35,35,20,20;b:18,18,10,10;l:35,35,20,20;\"\n\t\t\t\t\t\t\t\tdata-border=\"bor:30px,30px,30px,30px;\"\n\t\t\t\t\t\t\t\tdata-frame_0=\"y:50px;\"\n\t\t\t\t\t\t\t\tdata-frame_1=\"e:power2.inOut;st:1330;sp:390;sR:1330;\"\n\t\t\t\t\t\t\t\tdata-frame_999=\"y:-50px;o:0;e:nothing;st:w;sR:7280;\"\n\t\t\t\t\t\t\t\tdata-frame_hover=\"c:#000;bgc:#fff;boc:#000;bor:30px,30px,30px,30px;bos:solid;oX:50;oY:50;sp:0;\"\n\t\t\t\t\t\t\t\tstyle=\"z-index:7;background-color:#102d5f;font-family:'Montserrat';text-transform:capitalize;cursor:pointer;outline:none;box-shadow:none;box-sizing:border-box;-moz-box-sizing:border-box;-webkit-box-sizing:border-box;\"\n\t\t\t\t\t\t\t>dEVAMINI oKU \n\t\t\t\t\t\t\t<\/rs-layer><!--\n-->\t\t\t\t\t\t<\/rs-slide>\n\t\t\t\t\t\t<rs-slide style=\"position: absolute;\" data-key=\"rs-31\" data-title=\"Slide\" data-link=\"http:\/\/www.hkmalidenetim.com\/index.php\/hakkimizda\/\" data-tag=\"l\" data-target=\"_self\" data-seoz=\"front\" data-anim=\"adpr:false;\" data-in=\"o:0;\" data-out=\"a:false;\" http:\/\/www.hkmalidenetim.com\/index.php\/hakkimizda\/>\n\t\t\t\t\t\t\t<img src=\"\/\/www.hkmalidenetim.com\/wp-content\/plugins\/revslider\/public\/assets\/assets\/dummy.png\" alt=\"\" title=\"slider-31.jpg\" width=\"1920\" height=\"700\" class=\"rev-slidebg tp-rs-img rs-lazyload\" data-lazyload=\"\/\/www.hkmalidenetim.com\/wp-content\/uploads\/revslider\/slider-1\/slider-31.jpg\" data-panzoom=\"d:10000;ss:100;se:109;\" data-no-retina>\n<!--\n\t\t\t\t\t\t\t--><rs-layer\n\t\t\t\t\t\t\t\tid=\"slider-1-slide-31-layer-3\" \n\t\t\t\t\t\t\t\tdata-type=\"text\"\n\t\t\t\t\t\t\t\tdata-color=\"#222b2c\"\n\t\t\t\t\t\t\t\tdata-rsp_ch=\"on\"\n\t\t\t\t\t\t\t\tdata-xy=\"xo:10px;yo:202px,202px,137px,137px;\"\n\t\t\t\t\t\t\t\tdata-text=\"s:58,58,38,38;l:64,64,44,44;fw:700;\"\n\t\t\t\t\t\t\t\tdata-frame_0=\"y:50px;\"\n\t\t\t\t\t\t\t\tdata-frame_1=\"e:power2.inOut;st:260;sp:380;sR:260;\"\n\t\t\t\t\t\t\t\tdata-frame_999=\"y:-50px;o:0;e:nothing;st:w;sR:8360;\"\n\t\t\t\t\t\t\t\tstyle=\"z-index:5;font-family:'Montserrat';\"\n\t\t\t\t\t\t\t>Mali M\u00fc\u015favirlik ve<br>\nDenetim Hizmetleri!  \n\t\t\t\t\t\t\t<\/rs-layer><!--\n\n\t\t\t\t\t\t\t--><rs-layer\n\t\t\t\t\t\t\t\tid=\"slider-1-slide-31-layer-4\" \n\t\t\t\t\t\t\t\tdata-type=\"text\"\n\t\t\t\t\t\t\t\tdata-color=\"#777777||#777777||#333333||#333333\"\n\t\t\t\t\t\t\t\tdata-rsp_ch=\"on\"\n\t\t\t\t\t\t\t\tdata-xy=\"xo:13px,13px,10px,10px;yo:344px,344px,238px,238px;\"\n\t\t\t\t\t\t\t\tdata-text=\"s:16;l:28;ls:0px,0px,0,0px;\"\n\t\t\t\t\t\t\t\tdata-frame_0=\"y:50px;\"\n\t\t\t\t\t\t\t\tdata-frame_1=\"e:power2.inOut;st:910;sp:420;sR:910;\"\n\t\t\t\t\t\t\t\tdata-frame_999=\"y:-50px;o:0;e:nothing;st:w;sR:7670;\"\n\t\t\t\t\t\t\t\tstyle=\"z-index:6;font-family:'Heebo';\"\n\t\t\t\t\t\t\t>Tecr\u00fcbeli kadromuzla, Hk M\u00fc\u015favirlik \u00e7at\u0131s\u0131 alt\u0131nda en kaliteli muhasebe ve <br \/> m\u00fc\u015favirlik hizmetini alman\u0131z i\u00e7in \u00e7al\u0131\u015f\u0131yor, firman\u0131za \u00f6zel fikirlerimizle yan\u0131n\u0131zda oluyoruz. \n\t\t\t\t\t\t\t<\/rs-layer><!--\n\n\t\t\t\t\t\t\t--><rs-layer\n\t\t\t\t\t\t\t\tid=\"slider-1-slide-31-layer-6\" \n\t\t\t\t\t\t\t\tclass=\"rev-btn\"\n\t\t\t\t\t\t\t\tdata-type=\"button\"\n\t\t\t\t\t\t\t\tdata-color=\"rgba(255, 255, 255, 1)\"\n\t\t\t\t\t\t\t\tdata-xy=\"xo:10px,10px,9px,9px;yo:433px,433px,315px,315px;\"\n\t\t\t\t\t\t\t\tdata-text=\"s:16,16,14,14;l:14,14,12,12;fw:600,600,500,500;\"\n\t\t\t\t\t\t\t\tdata-rsp_bd=\"off\"\n\t\t\t\t\t\t\t\tdata-padding=\"t:18,18,10,10;r:35,35,20,20;b:18,18,10,10;l:35,35,20,20;\"\n\t\t\t\t\t\t\t\tdata-border=\"bor:30px,30px,30px,30px;\"\n\t\t\t\t\t\t\t\tdata-frame_0=\"y:50px;\"\n\t\t\t\t\t\t\t\tdata-frame_1=\"e:power2.inOut;st:1330;sp:390;sR:1330;\"\n\t\t\t\t\t\t\t\tdata-frame_999=\"y:-50px;o:0;e:nothing;st:w;sR:7280;\"\n\t\t\t\t\t\t\t\tdata-frame_hover=\"c:#000;bgc:#fff;boc:#000;bor:30px,30px,30px,30px;bos:solid;oX:50;oY:50;sp:0;\"\n\t\t\t\t\t\t\t\tstyle=\"z-index:7;background-color:#102d5f;font-family:'Montserrat';text-transform:capitalize;cursor:pointer;outline:none;box-shadow:none;box-sizing:border-box;-moz-box-sizing:border-box;-webkit-box-sizing:border-box;\"\n\t\t\t\t\t\t\t>dEVAMINI oKU \n\t\t\t\t\t\t\t<\/rs-layer><!--\n-->\t\t\t\t\t\t<\/rs-slide>\n\t\t\t\t\t<\/rs-slides>\n\t\t\t\t<\/rs-module>\n\t\t\t\t<script>\n\t\t\t\t\tsetREVStartSize({c: 'rev_slider_1_1',rl:[1240,1240,778,778],el:[700,700,500,500],gw:[1170,1170,778,778],gh:[700,700,500,500],type:'standard',justify:'',layout:'fullwidth',mh:\"0\"});if (window.RS_MODULES!==undefined && window.RS_MODULES.modules!==undefined && window.RS_MODULES.modules[\"revslider11\"]!==undefined) {window.RS_MODULES.modules[\"revslider11\"].once = false;window.revapi1 = undefined;if (window.RS_MODULES.checkMinimal!==undefined) window.RS_MODULES.checkMinimal()}\n\t\t\t\t<\/script>\n\t\t\t<\/rs-module-wrap>\n\t\t\t<!-- END REVOLUTION SLIDER -->\n[\/vc_column][\/vc_row][vc_row gap=&#8221;3&#8243; css=&#8221;.vc_custom_1673246003339{margin-top: -3vh !important;}&#8221;][vc_column css=&#8221;.vc_custom_1673245853023{margin-bottom: -10vh !important;}&#8221;][vc_raw_html]JTNDaWZyYW1lJTIwc3JjJTNEJTIyaHR0cHMlM0ElMkYlMkZhcGkuZ2VuZWxwYXJhLmNvbSUyRmlmcmFtZSUyRiUzRnN5bWJvbCUzRHBhcmEtYmlyaW1sZXJpJTI2cGIlM0RVU0QlMkNFVVIlMkNHQlAlMkNHQSUyQ1hVMTAwJTI2c3RpbCUzRHN0aWwtMSUyNnJlbmslM0RiZXlheiUyMiUyMHRpdGxlJTNEJTIyRCVDMyVCNnZpeiUyMHZlJTIwQWx0JUM0JUIxbiUyMEZpeWF0bGFyJUM0JUIxJTIyJTIwZnJhbWVib3JkZXIlM0QlMjIwJTIyJTIwd2lkdGglM0QlMjIxMjAwJTIyJTIwaGVpZ2h0JTNEJTIyODAlMjIlM0UlM0MlMkZpZnJhbWUlM0U=[\/vc_raw_html][\/vc_column][\/vc_row][vc_row css=&#8221;.vc_custom_1673245806475{margin-top: -10vh !important;}&#8221;][vc_column][gva_block_heading title=&#8221;Hk Mali Denetim Hizmetler&#8221; desc=&#8221;\u0130htiyac\u0131n\u0131za Y\u00f6nelik Dan\u0131\u015fmanl\u0131k ve M\u00fc\u015favirlik Deste\u011fi!&#8221;][gva_services_carousel items_lg=&#8221;3&#8243; items_md=&#8221;3&#8243; items_sm=&#8221;2&#8243; items_xs=&#8221;2&#8243; ca_pagination=&#8221;0&#8243;][\/vc_column][\/vc_row][vc_row equal_height=&#8221;yes&#8221; row_space=&#8221;remove_padding_top&#8221;][vc_column][vc_row_inner][vc_column_inner][gva_block_heading title=&#8221;Kurumsal&#8221; desc=&#8221;Alan\u0131nda uzman kadro profesyonel hizmet anlay\u0131\u015f\u0131.&#8221;][\/vc_column_inner][\/vc_row_inner][vc_row_inner][vc_column_inner width=&#8221;1\/3&#8243; offset=&#8221;vc_col-xs-6&#8243;][gva_icon_box title=&#8221;Deneyimli Kadro&#8221; description=&#8221;15 y\u0131l\u0131 a\u015fk\u0131n dan\u0131\u015fmanl\u0131k ve destek hizmetleri deneyimimiz, kendini daima geli\u015ftiren, uzman ve dinamik kadromuz ile yan\u0131n\u0131zday\u0131z.&#8221; icon_position=&#8221;left&#8221; link=&#8221;#&#8221; image=&#8221;3666&#8243;][\/vc_column_inner][vc_column_inner width=&#8221;1\/3&#8243; offset=&#8221;vc_col-xs-6&#8243;][gva_icon_box title=&#8221;H\u0131zl\u0131 \u00c7\u00f6z\u00fcmler&#8221; description=&#8221;M\u00fckelleflerimizin ihtiya\u00e7 duydu\u011fu en iyi mali m\u00fc\u015favir hizmetleri i\u00e7in yenilik\u00e7i ve pratik \u00e7\u00f6z\u00fcmler sunuyor, t\u00fcm s\u00fcreci profesyonellikle y\u00fcr\u00fct\u00fcyoruz.&#8221; icon_position=&#8221;left&#8221; link=&#8221;#&#8221; icon_width=&#8221;fa-2x&#8221; margin_bottom=&#8221;&#8221; image=&#8221;3670&#8243;][\/vc_column_inner][vc_column_inner width=&#8221;1\/3&#8243;][gva_icon_box title=&#8221;Global Hizmet&#8221; description=&#8221;T\u00fcrkiye ve Avrupa \u00fclkeleri ba\u015fta olmak \u00fczere d\u00fcnya genelinde Hk M\u00fc\u015favirlik hizmetleri almak isteyen m\u00fckelleflerimize destek veriyoruz.&#8221; icon_position=&#8221;left&#8221; link=&#8221;#&#8221; icon_width=&#8221;fa-2x&#8221; image=&#8221;3668&#8243;][\/vc_column_inner][\/vc_row_inner][vc_row_inner][vc_column_inner width=&#8221;1\/3&#8243; offset=&#8221;vc_col-xs-6&#8243;][gva_icon_box title=&#8221;M\u00fckellef \u00d6nceli\u011fi&#8221; description=&#8221;Uzman mali m\u00fc\u015favir ekibimizle hizmet verdi\u011fimiz firmalar\u0131n ihtiya\u00e7 ve menfaatlerini \u00f6ncelik g\u00f6rerek \u015feffafl\u0131k ilkesi ile hareket ederek memnuniyet sa\u011flamay\u0131 hedefliyoruz&#8221; icon_position=&#8221;left&#8221; link=&#8221;#&#8221; icon_width=&#8221;fa-2x&#8221; margin_bottom=&#8221;&#8221; image=&#8221;3669&#8243;][\/vc_column_inner][vc_column_inner width=&#8221;1\/3&#8243; offset=&#8221;vc_col-xs-6&#8243;][gva_icon_box title=&#8221;Uluslararas\u0131 Yakla\u015f\u0131m&#8221; description=&#8221;M\u00fc\u015favirlik ve denetim hizmeti alan\u0131nda yasal \u00e7er\u00e7eveye dayal\u0131 s\u00fcre\u00e7 yakla\u015f\u0131m\u0131, uluslararas\u0131 y\u00f6netmelikler ve kurallara uygun stratejiler olu\u015fturarak destek oluyoruz&#8221; icon_position=&#8221;left&#8221; link=&#8221;#&#8221; icon_width=&#8221;fa-2x&#8221; margin_bottom=&#8221;margin-bottom-2&#8243; image=&#8221;3667&#8243;][\/vc_column_inner][vc_column_inner width=&#8221;1\/3&#8243;][gva_icon_box title=&#8221;Online Dan\u0131\u015fmanl\u0131k&#8221; description=&#8221;Alan\u0131nda uzman kadromuz ile her t\u00fcrl\u00fc soru ve sorunlar\u0131n\u0131z i\u00e7in m\u00fc\u015favirlik hizmetleri \u00f6ncesi ve sonras\u0131nda online destek ve dan\u0131\u015fmanl\u0131k hizmeti sa\u011fl\u0131yoruz.&#8221; icon_position=&#8221;left&#8221; link=&#8221;#&#8221; icon_width=&#8221;fa-2x&#8221; margin_bottom=&#8221;&#8221; image=&#8221;3671&#8243;][\/vc_column_inner][\/vc_row_inner][\/vc_column][\/vc_row][vc_row parallax=&#8221;content-moving&#8221; parallax_image=&#8221;3513&#8243; row_space=&#8221;padding-small&#8221;][vc_column][gva_call_to_action title=&#8221;Serbest Muhasebecilik Mali M\u00fc\u015favirlik ve Dan\u0131\u015fmanl\u0131k Hizmetleri&#8221; button_align=&#8221;button-center&#8221; subtitle=&#8221;We are working hard to&#8221; width=&#8221;990px&#8221; link=&#8221;http:\/\/www.hkmalidenetim.com\/index.php\/iletisim\/&#8221; text_link=&#8221;\u0130leti\u015fim Formu&#8221; quick_text=&#8221;+90 532 267 18 51&#8243;]Tam kapsaml\u0131 m\u00fc\u015favirlik ve mali dan\u0131\u015fmanl\u0131k alan\u0131nda h\u0131zl\u0131 ve kal\u0131c\u0131 \u00e7\u00f6z\u00fcmler sunuyoruz[\/gva_call_to_action][\/vc_column][\/vc_row][vc_row][vc_column][gva_block_heading title=&#8221;Smmm Ekibimiz&#8221; desc=&#8221;Stratejiler Olu\u015fturun, G\u00fcven Olu\u015fturun, \u0130\u015finizi Kurun.&#8221;][gva_team_carousel remove_padding=&#8221;&#8221; excerpt_words=&#8221;21&#8243; style=&#8221;item-v2&#8243; items_lg=&#8221;2&#8243; items_md=&#8221;2&#8243; items_sm=&#8221;2&#8243; items_xs=&#8221;1&#8243; ca_pagination=&#8221;0&#8243;][\/vc_column][\/vc_row][vc_row row_space=&#8221;remove_padding_top&#8221;][vc_column][vc_row_inner][vc_column_inner][gva_block_heading title=&#8221;\u015eirketinizin ihtiya\u00e7 duydu\u011fu mali \u00e7\u00f6z\u00fcmler ve dan\u0131\u015fmanl\u0131k hizmeti i\u00e7in do\u011fru bir strateji geli\u015ftirerek en uygun planlamay\u0131 yap\u0131yoruz.&#8221; style=&#8221;style-3&#8243;][\/vc_column_inner][\/vc_row_inner][vc_row_inner css=&#8221;.vc_custom_1539141626394{padding-top: 30px !important;}&#8221;][vc_column_inner width=&#8221;1\/3&#8243;][gva_counter title=&#8221;Sekt\u00f6r Deneyimi&#8221; number=&#8221;10&#8243; icon_position=&#8221;number-top&#8221; symbol=&#8221;+&#8221;][\/vc_column_inner][vc_column_inner width=&#8221;1\/3&#8243;][gva_counter title=&#8221;Mutlu M\u00fc\u015fteri&#8221; number=&#8221;95&#8243; icon_position=&#8221;number-top&#8221; symbol=&#8221;k&#8221;][\/vc_column_inner][vc_column_inner width=&#8221;1\/3&#8243;][gva_counter title=&#8221;Kaliteli Hizmet&#8221; icon_position=&#8221;number-top&#8221; symbol=&#8221;%&#8221;][\/vc_column_inner][\/vc_row_inner][\/vc_column][\/vc_row][vc_row][vc_column][gva_block_heading title=&#8221;Blog &amp; Haber&#8221; desc=&#8221;Geli\u015fmelerden Haberdar Olabilmek \u0130\u00e7in Bizi Takip Edin&#8221;][gva_blogs_carousel excerpt_words=&#8221;0&#8243; items_lg=&#8221;3&#8243; items_md=&#8221;3&#8243; items_sm=&#8221;2&#8243; items_xs=&#8221;2&#8243; ca_pagination=&#8221;0&#8243; loop=&#8221;size:4|order_by:date|post_type:post&#8221;][\/vc_column][\/vc_row]<\/p>\n","protected":false},"excerpt":{"rendered":"<p>[vc_row fullwidth=&#8221;0&#8243; row_space=&#8221;remove_padding&#8221; isfullwidth=&#8221;0&#8243; css=&#8221;.vc_custom_1673245787238{margin-bottom: -3vh !important;}&#8221;][vc_column][\/vc_column][\/vc_row][vc_row gap=&#8221;3&#8243; css=&#8221;.vc_custom_1673246003339{margin-top: -3vh !important;}&#8221;][vc_column css=&#8221;.vc_custom_1673245853023{margin-bottom: -10vh !important;}&#8221;][vc_raw_html]JTNDaWZyYW1lJTIwc3JjJTNEJTIyaHR0cHMlM0ElMkYlMkZhcGkuZ2VuZWxwYXJhLmNvbSUyRmlmcmFtZSUyRiUzRnN5bWJvbCUzRHBhcmEtYmlyaW1sZXJpJTI2cGIlM0RVU0QlMkNFVVIlMkNHQlAlMkNHQSUyQ1hVMTAwJTI2c3RpbCUzRHN0aWwtMSUyNnJlbmslM0RiZXlheiUyMiUyMHRpdGxlJTNEJTIyRCVDMyVCNnZpeiUyMHZlJTIwQWx0JUM0JUIxbiUyMEZpeWF0bGFyJUM0JUIxJTIyJTIwZnJhbWVib3JkZXIlM0QlMjIwJTIyJTIwd2lkdGglM0QlMjIxMjAwJTIyJTIwaGVpZ2h0JTNEJTIyODAlMjIlM0UlM0MlMkZpZnJhbWUlM0U=[\/vc_raw_html][\/vc_column][\/vc_row][vc_row css=&#8221;.vc_custom_1673245806475{margin-top: -10vh !important;}&#8221;][vc_column][gva_block_heading title=&#8221;Hk Mali Denetim Hizmetler&#8221; desc=&#8221;\u0130htiyac\u0131n\u0131za Y\u00f6nelik Dan\u0131\u015fmanl\u0131k ve M\u00fc\u015favirlik Deste\u011fi!&#8221;][gva_services_carousel items_lg=&#8221;3&#8243; items_md=&#8221;3&#8243; items_sm=&#8221;2&#8243; items_xs=&#8221;2&#8243; ca_pagination=&#8221;0&#8243;][\/vc_column][\/vc_row][vc_row equal_height=&#8221;yes&#8221; row_space=&#8221;remove_padding_top&#8221;][vc_column][vc_row_inner][vc_column_inner][gva_block_heading title=&#8221;Kurumsal&#8221; desc=&#8221;Alan\u0131nda uzman kadro profesyonel hizmet anlay\u0131\u015f\u0131.&#8221;][\/vc_column_inner][\/vc_row_inner][vc_row_inner][vc_column_inner width=&#8221;1\/3&#8243; offset=&#8221;vc_col-xs-6&#8243;][gva_icon_box title=&#8221;Deneyimli Kadro&#8221; description=&#8221;15 y\u0131l\u0131 a\u015fk\u0131n dan\u0131\u015fmanl\u0131k ve destek hizmetleri deneyimimiz, kendini daima [&hellip;]<\/p>\n","protected":false},"author":1,"featured_media":0,"parent":0,"menu_order":0,"comment_status":"closed","ping_status":"closed","template":"","meta":{"_themeisle_gutenberg_block_has_review":false},"_links":{"self":[{"href":"https:\/\/www.hkmalidenetim.com\/index.php\/wp-json\/wp\/v2\/pages\/25"}],"collection":[{"href":"https:\/\/www.hkmalidenetim.com\/index.php\/wp-json\/wp\/v2\/pages"}],"about":[{"href":"https:\/\/www.hkmalidenetim.com\/index.php\/wp-json\/wp\/v2\/types\/page"}],"author":[{"embeddable":true,"href":"https:\/\/www.hkmalidenetim.com\/index.php\/wp-json\/wp\/v2\/users\/1"}],"replies":[{"embeddable":true,"href":"https:\/\/www.hkmalidenetim.com\/index.php\/wp-json\/wp\/v2\/comments?post=25"}],"version-history":[{"count":65,"href":"https:\/\/www.hkmalidenetim.com\/index.php\/wp-json\/wp\/v2\/pages\/25\/revisions"}],"predecessor-version":[{"id":3968,"href":"https:\/\/www.hkmalidenetim.com\/index.php\/wp-json\/wp\/v2\/pages\/25\/revisions\/3968"}],"wp:attachment":[{"href":"https:\/\/www.hkmalidenetim.com\/index.php\/wp-json\/wp\/v2\/media?parent=25"}],"curies":[{"name":"wp","href":"https:\/\/api.w.org\/{rel}","templated":true}]}}