{"id":2827,"date":"2018-03-06T07:21:16","date_gmt":"2018-03-06T07:21:16","guid":{"rendered":"https:\/\/gaviaspreview.com\/wp\/winnex\/?page_id=2827"},"modified":"2023-01-05T11:19:50","modified_gmt":"2023-01-05T11:19:50","slug":"hizmetlerimiz","status":"publish","type":"page","link":"https:\/\/www.hkmalidenetim.com\/index.php\/hizmetlerimiz\/","title":{"rendered":"Hizmetlerimiz"},"content":{"rendered":"<p>[vc_row row_space=&#8221;padding-medium&#8221; isfullwidth=&#8221;&#8221;][vc_column][gva_block_heading title=&#8221;M\u00fckelleflerimize Sa\u011flad\u0131\u011f\u0131m\u0131z Hizmetler&#8221; desc=&#8221;Stratejiler Olu\u015fturun, G\u00fcven Olu\u015fturun, \u0130\u015finizi Kurun.&#8221;][gva_services_grid excerpt_words=&#8221;20&#8243; items_lg=&#8221;3&#8243; items_md=&#8221;3&#8243; items_sm=&#8221;2&#8243; items_xs=&#8221;2&#8243;][\/vc_column][\/vc_row]<\/p>\n","protected":false},"excerpt":{"rendered":"<p>[vc_row row_space=&#8221;padding-medium&#8221; isfullwidth=&#8221;&#8221;][vc_column][gva_block_heading title=&#8221;M\u00fckelleflerimize Sa\u011flad\u0131\u011f\u0131m\u0131z Hizmetler&#8221; desc=&#8221;Stratejiler Olu\u015fturun, G\u00fcven Olu\u015fturun, \u0130\u015finizi Kurun.&#8221;][gva_services_grid excerpt_words=&#8221;20&#8243; items_lg=&#8221;3&#8243; items_md=&#8221;3&#8243; items_sm=&#8221;2&#8243; items_xs=&#8221;2&#8243;][\/vc_column][\/vc_row]<\/p>\n","protected":false},"author":1,"featured_media":0,"parent":0,"menu_order":0,"comment_status":"closed","ping_status":"closed","template":"","meta":{"_themeisle_gutenberg_block_has_review":false},"_links":{"self":[{"href":"https:\/\/www.hkmalidenetim.com\/index.php\/wp-json\/wp\/v2\/pages\/2827"}],"collection":[{"href":"https:\/\/www.hkmalidenetim.com\/index.php\/wp-json\/wp\/v2\/pages"}],"about":[{"href":"https:\/\/www.hkmalidenetim.com\/index.php\/wp-json\/wp\/v2\/types\/page"}],"author":[{"embeddable":true,"href":"https:\/\/www.hkmalidenetim.com\/index.php\/wp-json\/wp\/v2\/users\/1"}],"replies":[{"embeddable":true,"href":"https:\/\/www.hkmalidenetim.com\/index.php\/wp-json\/wp\/v2\/comments?post=2827"}],"version-history":[{"count":3,"href":"https:\/\/www.hkmalidenetim.com\/index.php\/wp-json\/wp\/v2\/pages\/2827\/revisions"}],"predecessor-version":[{"id":3911,"href":"https:\/\/www.hkmalidenetim.com\/index.php\/wp-json\/wp\/v2\/pages\/2827\/revisions\/3911"}],"wp:attachment":[{"href":"https:\/\/www.hkmalidenetim.com\/index.php\/wp-json\/wp\/v2\/media?parent=2827"}],"curies":[{"name":"wp","href":"https:\/\/api.w.org\/{rel}","templated":true}]}}