{"id":610,"date":"2016-03-07T03:10:46","date_gmt":"2016-03-07T03:10:46","guid":{"rendered":"https:\/\/gaviaspreview.com\/wp\/winnex\/?page_id=610"},"modified":"2023-01-23T07:37:17","modified_gmt":"2023-01-23T07:37:17","slug":"iletisim","status":"publish","type":"page","link":"https:\/\/www.hkmalidenetim.com\/index.php\/iletisim\/","title":{"rendered":"\u0130leti\u015fim"},"content":{"rendered":"<p>[vc_row row_space=&#8221;remove_padding&#8221;][vc_column width=&#8221;2\/3&#8243;]<div class=\"wpcf7 no-js\" id=\"wpcf7-f236-o1\" lang=\"en-US\" dir=\"ltr\">\n<div class=\"screen-reader-response\"><p role=\"status\" aria-live=\"polite\" aria-atomic=\"true\"><\/p> <ul><\/ul><\/div>\n<form action=\"\/index.php\/wp-json\/wp\/v2\/pages\/610#wpcf7-f236-o1\" method=\"post\" class=\"wpcf7-form init\" aria-label=\"Contact form\" novalidate=\"novalidate\" data-status=\"init\">\n<div style=\"display: none;\">\n<input type=\"hidden\" name=\"_wpcf7\" value=\"236\" \/>\n<input type=\"hidden\" name=\"_wpcf7_version\" value=\"5.7.2\" \/>\n<input type=\"hidden\" name=\"_wpcf7_locale\" value=\"en_US\" \/>\n<input type=\"hidden\" name=\"_wpcf7_unit_tag\" value=\"wpcf7-f236-o1\" \/>\n<input type=\"hidden\" name=\"_wpcf7_container_post\" value=\"0\" \/>\n<input type=\"hidden\" name=\"_wpcf7_posted_data_hash\" value=\"\" \/>\n<input type=\"hidden\" name=\"_wpcf7_recaptcha_response\" value=\"\" \/>\n<\/div>\n<div class=\"contact-feedback-form\">\n\t<div class=\"row\">\n\t\t<div class=\"col-sm-4 col-xs-12\">\n\t\t\t<p><span class=\"wpcf7-form-control-wrap\" data-name=\"your-name\"><input size=\"40\" class=\"wpcf7-form-control wpcf7-text wpcf7-validates-as-required\" aria-required=\"true\" aria-invalid=\"false\" placeholder=\"\u0130sim Soyisim *\" value=\"\" type=\"text\" name=\"your-name\" \/><\/span>\n\t\t\t<\/p>\n\t\t<\/div>\n\t\t<div class=\"col-sm-4 col-xs-12\">\n\t\t\t<p><span class=\"wpcf7-form-control-wrap\" data-name=\"your-email\"><input size=\"40\" class=\"wpcf7-form-control wpcf7-text wpcf7-email wpcf7-validates-as-required wpcf7-validates-as-email\" aria-required=\"true\" aria-invalid=\"false\" placeholder=\"E Posta *\" value=\"\" type=\"email\" name=\"your-email\" \/><\/span>\n\t\t\t<\/p>\n\t\t<\/div>\n\t\t<div class=\"col-sm-4 col-xs-12\">\n\t\t\t<p><span class=\"wpcf7-form-control-wrap\" data-name=\"your-subject\"><input size=\"40\" class=\"wpcf7-form-control wpcf7-text wpcf7-validates-as-required\" aria-required=\"true\" aria-invalid=\"false\" placeholder=\"Mesaj Konusu\" value=\"\" type=\"text\" name=\"your-subject\" \/><\/span>\n\t\t\t<\/p>\n\t\t<\/div>\n\t<\/div>\n\t<div class=\"row\">\n\t\t<div class=\"col-xs-12\">\n\t\t\t<p><span class=\"wpcf7-form-control-wrap\" data-name=\"rows:6\"><textarea cols=\"40\" rows=\"10\" class=\"wpcf7-form-control wpcf7-textarea\" aria-invalid=\"false\" placeholder=\"Mesaj\u0131n\u0131z\" name=\"rows:6\"><\/textarea><\/span>\n\t\t\t<\/p>\n\t\t<\/div>\n\t\t<div class=\"col-xs-12 action\">\n\t\t\t<div class=\"form-note\">\n\t\t\t\t<p><strong>Note:<\/strong> E-posta hesab\u0131n\u0131z yay\u0131mlanmayacak.\n\t\t\t\t<\/p>\n\t\t\t<\/div>\n\t\t<span class=\"wpcf7-form-control-wrap recaptcha\" data-name=\"recaptcha\"><span data-sitekey=\"6Ld-nzkpAAAAAAvO3d2k-yz0c8-6OHD3_ttZ8_Pm\" class=\"wpcf7-form-control g-recaptcha wpcf7-recaptcha\"><\/span>\r\n<noscript>\r\n\t<div class=\"grecaptcha-noscript\">\r\n\t\t<iframe src=\"https:\/\/www.google.com\/recaptcha\/api\/fallback?k=6Ld-nzkpAAAAAAvO3d2k-yz0c8-6OHD3_ttZ8_Pm\" frameborder=\"0\" scrolling=\"no\" width=\"310\" height=\"430\">\r\n\t\t<\/iframe>\r\n\t\t<textarea name=\"g-recaptcha-response\" rows=\"3\" cols=\"40\" placeholder=\"reCaptcha Response Here\">\r\n\t\t<\/textarea>\r\n\t<\/div>\r\n<\/noscript>\r\n<\/span>\n\t\t\t<div class=\"form-action\">\n\t\t\t\t<p><input class=\"wpcf7-form-control has-spinner wpcf7-submit\" type=\"submit\" value=\"Mesaj\u0131 G\u00f6nder\" \/>\n\t\t\t\t<\/p>\n\t\t\t<\/div>\n\t\t<\/div>\n\t<\/div>\n<\/div><div class=\"wpcf7-response-output\" aria-hidden=\"true\"><\/div><\/form><\/div>[\/vc_column][vc_column width=&#8221;1\/3&#8243;][gva_block_heading title=&#8221;Merkez Ofis&#8221; style=&#8221;style-2&#8243; align=&#8221;align-left&#8221;][gva_contact_info photo=&#8221;954&#8243; address=&#8221;Mahmutbey Mahallesi Ta\u015foca\u011f\u0131 Yolu Caddesi No:27 Express 24 Rezidans kat :5 Daire 36 Posta kodu 34218&#8243; phone=&#8221;Telefon: +90 532 267 18 51&#8243; email=&#8221;info@hkmalidenetim.com&#8221; website=&#8221;www.hkmalidenetim.com&#8221;][\/vc_column][\/vc_row][vc_row row_space=&#8221;remove_padding&#8221; isfullwidth=&#8221;0&#8243;][vc_column][vc_gmaps link=&#8221;#E-8_JTNDaWZyYW1lJTIwc3JjJTNEJTIyaHR0cHMlM0ElMkYlMkZ3d3cuZ29vZ2xlLmNvbSUyRm1hcHMlMkZlbWJlZCUzRnBiJTNEJTIxMW0xOCUyMTFtMTIlMjExbTMlMjExZDE1MDQuMzM2MTY0NTIxODQ2JTIxMmQyOC44MTE2NTc2NzIwMTU4NjUlMjEzZDQxLjA1NDI5NDE5NjM0MDA0JTIxMm0zJTIxMWYwJTIxMmYwJTIxM2YwJTIxM20yJTIxMWkxMDI0JTIxMmk3NjglMjE0ZjEzLjElMjEzbTMlMjExbTIlMjExczB4MTRjYWE1YTBhNWIxYTAwNSUyNTNBMHhhMDU5MjE0Nzk4NjlkOTgyJTIxMnNFeHByZXNzJTI1MjAyNCUyMTVlMCUyMTNtMiUyMTFzdHIlMjEyc3RyJTIxNHYxNjczMjczMDgwODQ2JTIxNW0yJTIxMXN0ciUyMTJzdHIlMjIlMjB3aWR0aCUzRCUyMjYwMCUyMiUyMGhlaWdodCUzRCUyMjQ1MCUyMiUyMHN0eWxlJTNEJTIyYm9yZGVyJTNBMCUzQiUyMiUyMGFsbG93ZnVsbHNjcmVlbiUzRCUyMiUyMiUyMGxvYWRpbmclM0QlMjJsYXp5JTIyJTIwcmVmZXJyZXJwb2xpY3klM0QlMjJuby1yZWZlcnJlci13aGVuLWRvd25ncmFkZSUyMiUzRSUzQyUyRmlmcmFtZSUzRQ==&#8221; size=&#8221;450&#8243; css=&#8221;.vc_custom_1673273109992{padding-top: 50px !important;padding-bottom: 50px !important;}&#8221;][\/vc_column][\/vc_row]<\/p>\n","protected":false},"excerpt":{"rendered":"<p>[vc_row row_space=&#8221;remove_padding&#8221;][vc_column width=&#8221;2\/3&#8243;][\/vc_column][vc_column width=&#8221;1\/3&#8243;][gva_block_heading title=&#8221;Merkez Ofis&#8221; style=&#8221;style-2&#8243; align=&#8221;align-left&#8221;][gva_contact_info photo=&#8221;954&#8243; address=&#8221;Mahmutbey Mahallesi Ta\u015foca\u011f\u0131 Yolu Caddesi No:27 Express 24 Rezidans kat :5 Daire 36 Posta kodu 34218&#8243; phone=&#8221;Telefon: +90 532 267 18 51&#8243; email=&#8221;info@hkmalidenetim.com&#8221; website=&#8221;www.hkmalidenetim.com&#8221;][\/vc_column][\/vc_row][vc_row row_space=&#8221;remove_padding&#8221; isfullwidth=&#8221;0&#8243;][vc_column][vc_gmaps link=&#8221;#E-8_JTNDaWZyYW1lJTIwc3JjJTNEJTIyaHR0cHMlM0ElMkYlMkZ3d3cuZ29vZ2xlLmNvbSUyRm1hcHMlMkZlbWJlZCUzRnBiJTNEJTIxMW0xOCUyMTFtMTIlMjExbTMlMjExZDE1MDQuMzM2MTY0NTIxODQ2JTIxMmQyOC44MTE2NTc2NzIwMTU4NjUlMjEzZDQxLjA1NDI5NDE5NjM0MDA0JTIxMm0zJTIxMWYwJTIxMmYwJTIxM2YwJTIxM20yJTIxMWkxMDI0JTIxMmk3NjglMjE0ZjEzLjElMjEzbTMlMjExbTIlMjExczB4MTRjYWE1YTBhNWIxYTAwNSUyNTNBMHhhMDU5MjE0Nzk4NjlkOTgyJTIxMnNFeHByZXNzJTI1MjAyNCUyMTVlMCUyMTNtMiUyMTFzdHIlMjEyc3RyJTIxNHYxNjczMjczMDgwODQ2JTIxNW0yJTIxMXN0ciUyMTJzdHIlMjIlMjB3aWR0aCUzRCUyMjYwMCUyMiUyMGhlaWdodCUzRCUyMjQ1MCUyMiUyMHN0eWxlJTNEJTIyYm9yZGVyJTNBMCUzQiUyMiUyMGFsbG93ZnVsbHNjcmVlbiUzRCUyMiUyMiUyMGxvYWRpbmclM0QlMjJsYXp5JTIyJTIwcmVmZXJyZXJwb2xpY3klM0QlMjJuby1yZWZlcnJlci13aGVuLWRvd25ncmFkZSUyMiUzRSUzQyUyRmlmcmFtZSUzRQ==&#8221; size=&#8221;450&#8243; css=&#8221;.vc_custom_1673273109992{padding-top: 50px !important;padding-bottom: 50px !important;}&#8221;][\/vc_column][\/vc_row]<\/p>\n","protected":false},"author":1,"featured_media":0,"parent":0,"menu_order":0,"comment_status":"closed","ping_status":"closed","template":"","meta":{"_themeisle_gutenberg_block_has_review":false},"_links":{"self":[{"href":"https:\/\/www.hkmalidenetim.com\/index.php\/wp-json\/wp\/v2\/pages\/610"}],"collection":[{"href":"https:\/\/www.hkmalidenetim.com\/index.php\/wp-json\/wp\/v2\/pages"}],"about":[{"href":"https:\/\/www.hkmalidenetim.com\/index.php\/wp-json\/wp\/v2\/types\/page"}],"author":[{"embeddable":true,"href":"https:\/\/www.hkmalidenetim.com\/index.php\/wp-json\/wp\/v2\/users\/1"}],"replies":[{"embeddable":true,"href":"https:\/\/www.hkmalidenetim.com\/index.php\/wp-json\/wp\/v2\/comments?post=610"}],"version-history":[{"count":8,"href":"https:\/\/www.hkmalidenetim.com\/index.php\/wp-json\/wp\/v2\/pages\/610\/revisions"}],"predecessor-version":[{"id":3994,"href":"https:\/\/www.hkmalidenetim.com\/index.php\/wp-json\/wp\/v2\/pages\/610\/revisions\/3994"}],"wp:attachment":[{"href":"https:\/\/www.hkmalidenetim.com\/index.php\/wp-json\/wp\/v2\/media?parent=610"}],"curies":[{"name":"wp","href":"https:\/\/api.w.org\/{rel}","templated":true}]}}