{"id":612,"date":"2016-03-07T03:11:04","date_gmt":"2016-03-07T03:11:04","guid":{"rendered":"https:\/\/gaviaspreview.com\/wp\/winnex\/?page_id=612"},"modified":"2023-01-09T13:02:15","modified_gmt":"2023-01-09T13:02:15","slug":"hakkimizda","status":"publish","type":"page","link":"https:\/\/www.hkmalidenetim.com\/index.php\/hakkimizda\/","title":{"rendered":"Hakk\u0131m\u0131zda"},"content":{"rendered":"<p>[vc_row row_space=&#8221;remove_padding&#8221; isfullwidth=&#8221;&#8221; css=&#8221;.vc_custom_1539588804561{padding-bottom: 20px !important;}&#8221;][vc_column][gva_block_heading title=&#8221;Hk Mali Denetim Kurumsal&#8221; style=&#8221;style-2&#8243; align=&#8221;align-left&#8221;][vc_column_text]<\/p>\n<h2>Hk Mali Denetim Kurumsal<\/h2>\n<p><strong>Ticari Gelece\u011finiz G\u00fcvence Alt\u0131nda<\/strong><\/p>\n<p>\u015eirket kurulumunu ger\u00e7ekle\u015ftirdiniz ve ticari hayat\u0131n\u0131za start verdiniz. Mali tablolar\u0131n\u0131z\u0131 ve bilan\u00e7olar\u0131n\u0131z\u0131 iyi y\u00f6neten bir muhasebe ofisi ar\u0131yorsan\u0131z\u00a0<strong>HK MAL\u0130 DENET\u0130M<\/strong>\u00a0hizmetleri ofisi\u00a0<strong>HACER K\u00d6YL\u00dcO\u011eLU<\/strong>, ticari hayat\u0131n\u0131z\u0131 iyi bir \u015fekilde y\u00f6netebilecek bilgi ve tecr\u00fcbeye ve de \u00c7al\u0131\u015fan kadrosuna sahiptir. 15 y\u0131ll\u0131k <strong>\u015firket muhasebesini<\/strong> y\u00fcr\u00fcten HK Mali Denetim ekibi firman\u0131z\u0131n b\u00fcy\u00fcmesine katk\u0131da bulunur.<\/p>\n<p>&nbsp;<\/p>\n<p><strong>\u0130yi Bir Mali M\u00fc\u015favir Hayat Kurtar\u0131r<\/strong><\/p>\n<p>Hata yapma riski s\u0131f\u0131ra yak\u0131n olan bir personel kadrosu, y\u0131llar\u0131n muhasebe kurdu olan bir kadroda yeti\u015fmi\u015f yeni nesil muhasebe standartlar\u0131na sahip bir ekip ile y\u00fcr\u00fct\u00fclen muhasebe ve mali m\u00fc\u015favirlik hizmetleri ile g\u00f6z\u00fcn\u00fcz arkada kalmaz ve siz sadece ticari hayat\u0131n\u0131z\u0131 nas\u0131l geli\u015ftirirsiniz onu planlars\u0131n\u0131z. D\u00fczg\u00fcn tutulmu\u015f bir muhasebe defteri, mali bilan\u00e7olar size ticari geli\u015fiminiz i\u00e7in cesaret verirken, ge\u00e7mi\u015fe tak\u0131l\u0131 kalmadan ilerlersiniz. Ticari ba\u015far\u0131n\u0131z iyi bir mali m\u00fc\u015favir ile \u00e7al\u0131\u015fmaktan ge\u00e7mektedir. Hacer K\u00f6yl\u00fco\u011flu firman\u0131za en iyi hizmeti verecek bilgi birikimi ve kadroya sahiptir.<\/p>\n<p>&nbsp;<\/p>\n<p><strong>Hesab\u0131n\u0131 Bilmeyen Ticaret Yapamaz<\/strong><\/p>\n<p>Alaca\u011f\u0131n\u0131, verece\u011fini bilmeyen, mali tablolar\u0131na hakim olmayan ticaret erbaplar\u0131, ticari hayatlar\u0131nda uzun vadede plan yapamaz yada ba\u015far\u0131l\u0131 olamazlar. Rakamlara hakim olamayan , i\u015fine ve personeline de hakim olamaz. \u0130yi bir mali m\u00fc\u015favir sizi b\u00fcy\u00fck cezalardan ve vergi y\u00fcklerinden kurtar\u0131r.\u00a0<strong>Hacer K\u00f6yl\u00fco\u011flu\u00a0<\/strong>, i\u015finin profesyonelidir.<\/p>\n<p>&nbsp;<\/p>\n<p><strong>Kontroll\u00fc B\u00fcy\u00fcmenin Yolu, Uzman G\u00f6zetiminde Ticari Hayat<\/strong><\/p>\n<p>Mali tablolar\u0131 sa\u011fl\u0131kl\u0131 olan firmalar, b\u00fcy\u00fcme stratejilerini daha sa\u011fl\u0131kl\u0131 planlayabilirler ve atacaklar\u0131 ticari ad\u0131mlar\u0131, yapacaklar\u0131 yat\u0131r\u0131mlar\u0131 daha iyi planlayabilirler. \u0130yi bir mali tablo tutman\u0131n p\u00fcf noktas\u0131, istikrarl\u0131 ve kontroll\u00fc mali verileri i\u015flemekten ge\u00e7er.<\/p>\n<p>&nbsp;<\/p>\n<p><strong>Uzman Mali M\u00fc\u015favir Hizmetleri<\/strong><\/p>\n<p>HK Mali Denetim \u0130stanbul b\u00f6lgesinde size en iyi mali m\u00fc\u015favirlik ve muhasebe hizmetlerini sunmaktad\u0131r.[\/vc_column_text][vc_single_image image=&#8221;3596&#8243; img_size=&#8221;full&#8221; alignment=&#8221;center&#8221; css=&#8221;.vc_custom_1539588898928{padding-top: 20px !important;padding-bottom: 20px !important;}&#8221;][\/vc_column][\/vc_row]<\/p>\n","protected":false},"excerpt":{"rendered":"<p>[vc_row row_space=&#8221;remove_padding&#8221; isfullwidth=&#8221;&#8221; css=&#8221;.vc_custom_1539588804561{padding-bottom: 20px !important;}&#8221;][vc_column][gva_block_heading title=&#8221;Hk Mali Denetim Kurumsal&#8221; style=&#8221;style-2&#8243; align=&#8221;align-left&#8221;][vc_column_text] Hk Mali Denetim Kurumsal Ticari Gelece\u011finiz G\u00fcvence Alt\u0131nda \u015eirket kurulumunu ger\u00e7ekle\u015ftirdiniz ve ticari hayat\u0131n\u0131za start verdiniz. Mali tablolar\u0131n\u0131z\u0131 ve bilan\u00e7olar\u0131n\u0131z\u0131 iyi y\u00f6neten bir muhasebe ofisi ar\u0131yorsan\u0131z\u00a0HK MAL\u0130 DENET\u0130M\u00a0hizmetleri ofisi\u00a0HACER K\u00d6YL\u00dcO\u011eLU, ticari hayat\u0131n\u0131z\u0131 iyi bir \u015fekilde y\u00f6netebilecek bilgi ve tecr\u00fcbeye ve de \u00c7al\u0131\u015fan kadrosuna [&hellip;]<\/p>\n","protected":false},"author":1,"featured_media":0,"parent":0,"menu_order":0,"comment_status":"closed","ping_status":"closed","template":"","meta":{"_themeisle_gutenberg_block_has_review":false},"_links":{"self":[{"href":"https:\/\/www.hkmalidenetim.com\/index.php\/wp-json\/wp\/v2\/pages\/612"}],"collection":[{"href":"https:\/\/www.hkmalidenetim.com\/index.php\/wp-json\/wp\/v2\/pages"}],"about":[{"href":"https:\/\/www.hkmalidenetim.com\/index.php\/wp-json\/wp\/v2\/types\/page"}],"author":[{"embeddable":true,"href":"https:\/\/www.hkmalidenetim.com\/index.php\/wp-json\/wp\/v2\/users\/1"}],"replies":[{"embeddable":true,"href":"https:\/\/www.hkmalidenetim.com\/index.php\/wp-json\/wp\/v2\/comments?post=612"}],"version-history":[{"count":4,"href":"https:\/\/www.hkmalidenetim.com\/index.php\/wp-json\/wp\/v2\/pages\/612\/revisions"}],"predecessor-version":[{"id":3957,"href":"https:\/\/www.hkmalidenetim.com\/index.php\/wp-json\/wp\/v2\/pages\/612\/revisions\/3957"}],"wp:attachment":[{"href":"https:\/\/www.hkmalidenetim.com\/index.php\/wp-json\/wp\/v2\/media?parent=612"}],"curies":[{"name":"wp","href":"https:\/\/api.w.org\/{rel}","templated":true}]}}